{"id":646,"date":"2021-10-08T15:43:58","date_gmt":"2021-10-08T15:43:58","guid":{"rendered":"http:\/\/balladent.brightclick.hu\/?page_id=646"},"modified":"2025-01-09T15:14:41","modified_gmt":"2025-01-09T15:14:41","slug":"orvosaink","status":"publish","type":"page","link":"https:\/\/old.balla-dent.com\/en\/orvosaink\/","title":{"rendered":"Our team"},"content":{"rendered":"<div data-elementor-type=\"wp-page\" data-elementor-id=\"646\" class=\"elementor elementor-646\" data-elementor-post-type=\"page\">\n\t\t\t\t\t\t<section class=\"elementor-section elementor-top-section elementor-element elementor-element-607692d elementor-section-boxed elementor-section-height-default elementor-section-height-default\" data-id=\"607692d\" data-element_type=\"section\" data-settings=\"{&quot;background_background&quot;:&quot;classic&quot;}\">\n\t\t\t\t\t\t<div class=\"elementor-container elementor-column-gap-default\">\n\t\t\t\t\t<div class=\"elementor-column elementor-col-100 elementor-top-column elementor-element elementor-element-edcc52e\" data-id=\"edcc52e\" data-element_type=\"column\">\n\t\t\t<div class=\"elementor-widget-wrap elementor-element-populated\">\n\t\t\t\t\t\t<div class=\"elementor-element elementor-element-8b56400 elementor-widget elementor-widget-heading\" data-id=\"8b56400\" data-element_type=\"widget\" data-widget_type=\"heading.default\">\n\t\t\t\t<div class=\"elementor-widget-container\">\n\t\t\t<style>\/*! elementor - v3.19.0 - 07-02-2024 *\/\n.elementor-heading-title{padding:0;margin:0;line-height:1}.elementor-widget-heading .elementor-heading-title[class*=elementor-size-]>a{color:inherit;font-size:inherit;line-height:inherit}.elementor-widget-heading .elementor-heading-title.elementor-size-small{font-size:15px}.elementor-widget-heading .elementor-heading-title.elementor-size-medium{font-size:19px}.elementor-widget-heading .elementor-heading-title.elementor-size-large{font-size:29px}.elementor-widget-heading .elementor-heading-title.elementor-size-xl{font-size:39px}.elementor-widget-heading .elementor-heading-title.elementor-size-xxl{font-size:59px}<\/style><h2 class=\"elementor-heading-title elementor-size-default\">Our team<\/h2>\t\t<\/div>\n\t\t\t\t<\/div>\n\t\t\t\t\t<\/div>\n\t\t<\/div>\n\t\t\t\t\t<\/div>\n\t\t<\/section>\n\t\t\t\t<section class=\"elementor-section elementor-top-section elementor-element elementor-element-bb07428 elementor-section-boxed elementor-section-height-default elementor-section-height-default\" data-id=\"bb07428\" data-element_type=\"section\" data-settings=\"{&quot;background_background&quot;:&quot;classic&quot;}\">\n\t\t\t\t\t\t<div class=\"elementor-container elementor-column-gap-default\">\n\t\t\t\t\t<div class=\"elementor-column elementor-col-100 elementor-top-column elementor-element elementor-element-b7e87b4\" data-id=\"b7e87b4\" data-element_type=\"column\">\n\t\t\t<div class=\"elementor-widget-wrap elementor-element-populated\">\n\t\t\t\t\t\t<div class=\"elementor-element elementor-element-3821ab9 elementor-widget elementor-widget-eael-adv-tabs\" data-id=\"3821ab9\" data-element_type=\"widget\" data-widget_type=\"eael-adv-tabs.default\">\n\t\t\t\t<div class=\"elementor-widget-container\">\n\t\t\t        <div id=\"eael-advance-tabs-3821ab9\" class=\"eael-advance-tabs eael-tabs-horizontal eael-tab-auto-active responsive-vertical-layout\" data-tabid=\"3821ab9\">\n            <div class=\"eael-tabs-nav\">\n                <ul class=\"eael-tab-top-icon\">\n                                            <li id=\"dr-balla-endre\" class=\"inactive eael-tab-item-trigger\" aria-selected=\"true\" data-tab=\"1\" role=\"tab\" tabindex=\"0\" aria-controls=\"dr-balla-endre-tab\" aria-expanded=\"false\">\n                            \n                                                                <img decoding=\"async\" src=\"https:\/\/old.balla-dent.com\/wp-content\/uploads\/2021\/11\/4A6A8448web.webp\" alt=\"\">\n                                                            \n                            \n                                                            <span class=\"eael-tab-title  title-after-icon\">Dr Endre Balla<\/span>                                                    <\/li>\n                                            <li id=\"dr-balla-kristf\" class=\"inactive eael-tab-item-trigger\" aria-selected=\"false\" data-tab=\"2\" role=\"tab\" tabindex=\"-1\" aria-controls=\"dr-balla-kristf-tab\" aria-expanded=\"false\">\n                            \n                                                                <img decoding=\"async\" src=\"https:\/\/old.balla-dent.com\/wp-content\/uploads\/2021\/11\/4A6A8411web.webp\" alt=\"\">\n                                                            \n                            \n                                                            <span class=\"eael-tab-title  title-after-icon\">Dr Krist\u00f3f Balla<\/span>                                                    <\/li>\n                                            <li id=\"dr-roohi-ghazaleh\" class=\"inactive eael-tab-item-trigger\" aria-selected=\"false\" data-tab=\"3\" role=\"tab\" tabindex=\"-1\" aria-controls=\"dr-roohi-ghazaleh-tab\" aria-expanded=\"false\">\n                            \n                                                                <img decoding=\"async\" src=\"https:\/\/old.balla-dent.com\/wp-content\/uploads\/2021\/11\/4A6A8514web.webp\" alt=\"\">\n                                                            \n                            \n                                                            <span class=\"eael-tab-title  title-after-icon\">Dr Roohi Ghazaleh<\/span>                                                    <\/li>\n                                            <li id=\"dr-bodnr-dm\" class=\"inactive eael-tab-item-trigger\" aria-selected=\"false\" data-tab=\"4\" role=\"tab\" tabindex=\"-1\" aria-controls=\"dr-bodnr-dm-tab\" aria-expanded=\"false\">\n                            \n                                                                <img decoding=\"async\" src=\"https:\/\/old.balla-dent.com\/wp-content\/uploads\/2021\/11\/4A6A8678web.webp\" alt=\"\">\n                                                            \n                            \n                                                            <span class=\"eael-tab-title  title-after-icon\">Dr \u00c1d\u00e1m Bodn\u00e1r<\/span>                                                    <\/li>\n                                            <li id=\"dr-gecser-dra-luca\" class=\"inactive eael-tab-item-trigger\" aria-selected=\"false\" data-tab=\"5\" role=\"tab\" tabindex=\"-1\" aria-controls=\"dr-gecser-dra-luca-tab\" aria-expanded=\"false\">\n                            \n                                                                <img decoding=\"async\" src=\"https:\/\/old.balla-dent.com\/wp-content\/uploads\/2021\/11\/4A6A8477web.webp\" alt=\"\">\n                                                            \n                            \n                                                            <span class=\"eael-tab-title  title-after-icon\">Dr D\u00f3ra Luca Gecser<\/span>                                                    <\/li>\n                                            <li id=\"mucsnyi-krisztina\" class=\"inactive eael-tab-item-trigger\" aria-selected=\"false\" data-tab=\"6\" role=\"tab\" tabindex=\"-1\" aria-controls=\"mucsnyi-krisztina-tab\" aria-expanded=\"false\">\n                            \n                                                                <img decoding=\"async\" src=\"https:\/\/old.balla-dent.com\/wp-content\/uploads\/2021\/11\/4A6A8619web.webp\" alt=\"\">\n                                                            \n                            \n                                                            <span class=\"eael-tab-title  title-after-icon\">Krisztina Mucs\u00e1nyi<\/span>                                                    <\/li>\n                                            <li id=\"jakus-nra\" class=\"inactive eael-tab-item-trigger\" aria-selected=\"false\" data-tab=\"7\" role=\"tab\" tabindex=\"-1\" aria-controls=\"jakus-nra-tab\" aria-expanded=\"false\">\n                            \n                                                                <img decoding=\"async\" src=\"https:\/\/old.balla-dent.com\/wp-content\/uploads\/2024\/11\/Norka-scaled.jpg\" alt=\"\">\n                                                            \n                            \n                                                            <span class=\"eael-tab-title  title-after-icon\">N\u00f3ra Jakus<\/span>                                                    <\/li>\n                                            <li id=\"dr-kovcs-zsfia-sra\" class=\"inactive eael-tab-item-trigger\" aria-selected=\"false\" data-tab=\"8\" role=\"tab\" tabindex=\"-1\" aria-controls=\"dr-kovcs-zsfia-sra-tab\" aria-expanded=\"false\">\n                            \n                                                                <img decoding=\"async\" src=\"https:\/\/old.balla-dent.com\/wp-content\/uploads\/2025\/01\/ZSOFI-KIVALASZTOTT-KEP-2024.12.10-scaled.jpg\" alt=\"\">\n                                                            \n                            \n                                                            <span class=\"eael-tab-title  title-after-icon\">Dr. Kov\u00e1cs Zs\u00f3fia S\u00e1ra<\/span>                                                    <\/li>\n                                            <li id=\"nagy-rka\" class=\"inactive eael-tab-item-trigger\" aria-selected=\"false\" data-tab=\"9\" role=\"tab\" tabindex=\"-1\" aria-controls=\"nagy-rka-tab\" aria-expanded=\"false\">\n                            \n                                                                <img decoding=\"async\" src=\"https:\/\/old.balla-dent.com\/wp-content\/uploads\/2023\/03\/Reka-1.jpeg\" alt=\"\">\n                                                            \n                            \n                                                            <span class=\"eael-tab-title  title-after-icon\">Nagy R\u00e9ka<\/span>                                                    <\/li>\n                                    <\/ul>\n            <\/div>\n            \n            <div class=\"eael-tabs-content\">\n\t\t        \n                    <div id=\"dr-balla-endre-tab\" class=\"clearfix eael-tab-content-item inactive\" data-title-link=\"dr-balla-endre-tab\">\n\t\t\t\t        \t\t\t\t\t        <p><img fetchpriority=\"high\" decoding=\"async\" class=\"wp-image-761 size-medium alignleft\" src=\"https:\/\/old.balla-dent.com\/wp-content\/uploads\/2021\/11\/4A6A8448web-200x300.webp\" alt=\"\" width=\"200\" height=\"300\" srcset=\"https:\/\/old.balla-dent.com\/wp-content\/uploads\/2021\/11\/4A6A8448web-200x300.webp 200w, https:\/\/old.balla-dent.com\/wp-content\/uploads\/2021\/11\/4A6A8448web-683x1024.webp 683w, https:\/\/old.balla-dent.com\/wp-content\/uploads\/2021\/11\/4A6A8448web-768x1152.webp 768w, https:\/\/old.balla-dent.com\/wp-content\/uploads\/2021\/11\/4A6A8448web-8x12.webp 8w, https:\/\/old.balla-dent.com\/wp-content\/uploads\/2021\/11\/4A6A8448web.webp 800w\" sizes=\"(max-width: 200px) 100vw, 200px\" \/><\/p><h1 class=\"name\">Dr Endre Balla<\/h1><h3 class=\"position\"><strong>Dental specialist<\/strong><\/h3><p>He graduated from Semmelweis University in 1981. It\u2019s no accident that our dentistry\u2019s name bears resemblance to Dr Endre Balla\u2019s name. He established the Balla-Dent clinic in 1996. First, it was situated at Museum district then the whole clinic moved to its present location, the famous Corvin district. \nDoctor Balla is known for his brilliant endodontic skills and his most important goal is to save your teeth at all costs.<\/p><p><strong>Languages<\/strong>: English, German, Italian<\/p><p><strong>Availability:<\/strong><\/p><p>Monday - 8:00-12:00<br \/>Tuesday - 8:00-18:00<br \/>Wednesday - 14:00-18:00<br \/>Thursday - 8:00-18:00<\/p>\t\t\t\t                            <\/div>\n\t\t        \n                    <div id=\"dr-balla-kristf-tab\" class=\"clearfix eael-tab-content-item inactive\" data-title-link=\"dr-balla-kristf-tab\">\n\t\t\t\t        \t\t\t\t\t        <p><img decoding=\"async\" class=\"wp-image-760 size-medium alignleft\" src=\"https:\/\/old.balla-dent.com\/wp-content\/uploads\/2021\/11\/4A6A8411web-200x300.webp\" alt=\"\" width=\"200\" height=\"300\" srcset=\"https:\/\/old.balla-dent.com\/wp-content\/uploads\/2021\/11\/4A6A8411web-200x300.webp 200w, https:\/\/old.balla-dent.com\/wp-content\/uploads\/2021\/11\/4A6A8411web-683x1024.webp 683w, https:\/\/old.balla-dent.com\/wp-content\/uploads\/2021\/11\/4A6A8411web-768x1152.webp 768w, https:\/\/old.balla-dent.com\/wp-content\/uploads\/2021\/11\/4A6A8411web-8x12.webp 8w, https:\/\/old.balla-dent.com\/wp-content\/uploads\/2021\/11\/4A6A8411web.webp 800w\" sizes=\"(max-width: 200px) 100vw, 200px\" \/><\/p><h1 class=\"name\">Dr Krist\u00f3f Balla<\/h1><h3 class=\"position\"><strong>Dental specialist<\/strong><\/h3><p>He graduated from Semmelweis University in 2012. As a post-graduate Doctor Krist\u00f3f gained extensive knowledge in the field of prosthodontics and endodontics. He has  immense experience in aesthetic treatments, implant prosthodontics and endodontics, as well. His work is not only characterised by great professionalism but a joyful atmosphere is also guaranteed.<\/p><p><strong>Languages<\/strong>: English, German<\/p><p><strong>Availability:<\/strong><\/p><p>Monday - 8:00-12:00<br \/>Tuesday - 8:00-18:00<br \/>Wednesday - 14:00-18:00<br \/>Thursday - 8:00-18:00<br \/>Friday - 8:00-12:00<\/p>\t\t\t\t                            <\/div>\n\t\t        \n                    <div id=\"dr-roohi-ghazaleh-tab\" class=\"clearfix eael-tab-content-item inactive\" data-title-link=\"dr-roohi-ghazaleh-tab\">\n\t\t\t\t        \t\t\t\t\t        <p><img decoding=\"async\" class=\"wp-image-763 size-medium alignleft\" src=\"https:\/\/old.balla-dent.com\/wp-content\/uploads\/2021\/11\/4A6A8514web-200x300.webp\" alt=\"\" width=\"200\" height=\"300\" srcset=\"https:\/\/old.balla-dent.com\/wp-content\/uploads\/2021\/11\/4A6A8514web-200x300.webp 200w, https:\/\/old.balla-dent.com\/wp-content\/uploads\/2021\/11\/4A6A8514web-683x1024.webp 683w, https:\/\/old.balla-dent.com\/wp-content\/uploads\/2021\/11\/4A6A8514web-768x1152.webp 768w, https:\/\/old.balla-dent.com\/wp-content\/uploads\/2021\/11\/4A6A8514web-8x12.webp 8w, https:\/\/old.balla-dent.com\/wp-content\/uploads\/2021\/11\/4A6A8514web.webp 800w\" sizes=\"(max-width: 200px) 100vw, 200px\" \/><\/p><h1 class=\"name\">Dr Roohi Ghazaleh<\/h1><h3 class=\"position\"><strong>Orthodontist<\/strong><\/h3><p>Doctor Ghazi graduated from the University of Debrecen in 2009. She post-graduated in Budapest as an orthodontist specialist, spending her orthodontic residency time at one of the biggest clinics in Hungary. Besides taking into consideration aspects of the aesthetic view, she also aims to avoid relapse with well balanced forces of occlusion. \nThanks to Doctor Ghazi's great empathy she gets along very well with young patients. Hence she successfully manages our pediatric dentistry department.<\/p><p><strong>Languages<\/strong>: English, Farsi<\/p><p><strong>Availability:<\/strong><\/p><p>Wednesday - 8:00 - 18:00<\/p>\t\t\t\t                            <\/div>\n\t\t        \n                    <div id=\"dr-bodnr-dm-tab\" class=\"clearfix eael-tab-content-item inactive\" data-title-link=\"dr-bodnr-dm-tab\">\n\t\t\t\t        \t\t\t\t\t        <p><img loading=\"lazy\" decoding=\"async\" class=\"wp-image-768 size-medium alignleft\" src=\"https:\/\/old.balla-dent.com\/wp-content\/uploads\/2021\/11\/4A6A8678web-200x300.webp\" alt=\"\" width=\"200\" height=\"300\" srcset=\"https:\/\/old.balla-dent.com\/wp-content\/uploads\/2021\/11\/4A6A8678web-200x300.webp 200w, https:\/\/old.balla-dent.com\/wp-content\/uploads\/2021\/11\/4A6A8678web-683x1024.webp 683w, https:\/\/old.balla-dent.com\/wp-content\/uploads\/2021\/11\/4A6A8678web-768x1152.webp 768w, https:\/\/old.balla-dent.com\/wp-content\/uploads\/2021\/11\/4A6A8678web-8x12.webp 8w, https:\/\/old.balla-dent.com\/wp-content\/uploads\/2021\/11\/4A6A8678web.webp 800w\" sizes=\"(max-width: 200px) 100vw, 200px\" \/><\/p><h1 class=\"name\">Dr \u00c1d\u00e1m Bodn\u00e1r<\/h1><h3 class=\"position\"><strong>Oral Surgeon, Implantologist<\/strong><\/h3><p>He graduated from Semmelweis University in 2012 and participated in a oral surgeon residency program at the same institute. Beyond thousands of successful implantation and bone augmentation, he is widely known as a Dentist who's wisdom teeth extraction style is quick, precise, smooth and painless.<\/p><p><strong>Languages<\/strong>: English, German<\/p><p><strong>Availability:<\/strong><\/p><p>Tuesday - 14:30-18:00<\/p>\t\t\t\t                            <\/div>\n\t\t        \n                    <div id=\"dr-gecser-dra-luca-tab\" class=\"clearfix eael-tab-content-item inactive\" data-title-link=\"dr-gecser-dra-luca-tab\">\n\t\t\t\t        \t\t\t\t\t        <p><img loading=\"lazy\" decoding=\"async\" class=\"alignleft wp-image-762 size-medium\" src=\"https:\/\/old.balla-dent.com\/wp-content\/uploads\/2021\/11\/4A6A8477web-200x300.webp\" alt=\"\" width=\"200\" height=\"300\" srcset=\"https:\/\/old.balla-dent.com\/wp-content\/uploads\/2021\/11\/4A6A8477web-200x300.webp 200w, https:\/\/old.balla-dent.com\/wp-content\/uploads\/2021\/11\/4A6A8477web-683x1024.webp 683w, https:\/\/old.balla-dent.com\/wp-content\/uploads\/2021\/11\/4A6A8477web-768x1152.webp 768w, https:\/\/old.balla-dent.com\/wp-content\/uploads\/2021\/11\/4A6A8477web-8x12.webp 8w, https:\/\/old.balla-dent.com\/wp-content\/uploads\/2021\/11\/4A6A8477web.webp 800w\" sizes=\"(max-width: 200px) 100vw, 200px\" \/><\/p><h1>Dr D\u00f3ra Luca Gecser<\/h1><h3>Fogorvos - Sz\u00fcl\u00e9si szabads\u00e1gon<\/h3><p>As most of our dentists, Doctor Gecser also graduated from the rightfully famous Semmelweis University. Her most important goal is not only performing the most aesthetic dental care, but also delivering treatments as painless as possible. She goes above and beyond to create a relaxed and friendly atmosphere during her treatments and to look after her patients. Her main interests are endodontics, aesthetic dentistry and prosthetics.<\/p><p><strong>Languages:<\/strong> English<\/p><p><strong>Availability:<br \/><\/strong>Monday - 8:00-12:00<br \/>Tuesday - 8:00-12:00<br \/>Wednesday - 14:00-18:00<br \/>Thursday - 8:00-18:00<br \/>Friday - 8:00 - 12:00<\/p>\t\t\t\t                            <\/div>\n\t\t        \n                    <div id=\"mucsnyi-krisztina-tab\" class=\"clearfix eael-tab-content-item inactive\" data-title-link=\"mucsnyi-krisztina-tab\">\n\t\t\t\t        \t\t\t\t\t        <p><img loading=\"lazy\" decoding=\"async\" class=\"size-medium wp-image-766 alignleft\" src=\"https:\/\/old.balla-dent.com\/wp-content\/uploads\/2021\/11\/4A6A8619web-200x300.webp\" alt=\"\" width=\"200\" height=\"300\" srcset=\"https:\/\/old.balla-dent.com\/wp-content\/uploads\/2021\/11\/4A6A8619web-200x300.webp 200w, https:\/\/old.balla-dent.com\/wp-content\/uploads\/2021\/11\/4A6A8619web-683x1024.webp 683w, https:\/\/old.balla-dent.com\/wp-content\/uploads\/2021\/11\/4A6A8619web-768x1152.webp 768w, https:\/\/old.balla-dent.com\/wp-content\/uploads\/2021\/11\/4A6A8619web-8x12.webp 8w, https:\/\/old.balla-dent.com\/wp-content\/uploads\/2021\/11\/4A6A8619web.webp 800w\" sizes=\"(max-width: 200px) 100vw, 200px\" \/><\/p><h1>Krisztina Mucs\u00e1nyi<\/h1><h3>Dental assistant and dental hygienist<\/h3>\t\t\t\t                            <\/div>\n\t\t        \n                    <div id=\"jakus-nra-tab\" class=\"clearfix eael-tab-content-item inactive\" data-title-link=\"jakus-nra-tab\">\n\t\t\t\t        \t\t\t\t\t        <p><img loading=\"lazy\" decoding=\"async\" class=\"alignleft wp-image-2989 size-medium\" src=\"https:\/\/old.balla-dent.com\/wp-content\/uploads\/2024\/11\/Norka-200x300.jpg\" alt=\"\" width=\"200\" height=\"300\" \/><\/p><h1>N\u00f3ra Jakus<\/h1><h3>Dental assistant and dental hygienist<\/h3>\t\t\t\t                            <\/div>\n\t\t        \n                    <div id=\"dr-kovcs-zsfia-sra-tab\" class=\"clearfix eael-tab-content-item inactive\" data-title-link=\"dr-kovcs-zsfia-sra-tab\">\n\t\t\t\t        \t\t\t\t\t        <p><img loading=\"lazy\" decoding=\"async\" class=\"alignnone wp-image-3118 size-medium\" src=\"https:\/\/old.balla-dent.com\/wp-content\/uploads\/2025\/01\/ZSOFI-KIVALASZTOTT-KEP-2024.12.10-200x300.jpg\" alt=\"\" width=\"200\" height=\"300\" srcset=\"https:\/\/old.balla-dent.com\/wp-content\/uploads\/2025\/01\/ZSOFI-KIVALASZTOTT-KEP-2024.12.10-200x300.jpg 200w, https:\/\/old.balla-dent.com\/wp-content\/uploads\/2025\/01\/ZSOFI-KIVALASZTOTT-KEP-2024.12.10-683x1024.jpg 683w, https:\/\/old.balla-dent.com\/wp-content\/uploads\/2025\/01\/ZSOFI-KIVALASZTOTT-KEP-2024.12.10-768x1152.jpg 768w, https:\/\/old.balla-dent.com\/wp-content\/uploads\/2025\/01\/ZSOFI-KIVALASZTOTT-KEP-2024.12.10-1024x1536.jpg 1024w, https:\/\/old.balla-dent.com\/wp-content\/uploads\/2025\/01\/ZSOFI-KIVALASZTOTT-KEP-2024.12.10-1365x2048.jpg 1365w, https:\/\/old.balla-dent.com\/wp-content\/uploads\/2025\/01\/ZSOFI-KIVALASZTOTT-KEP-2024.12.10-8x12.jpg 8w, https:\/\/old.balla-dent.com\/wp-content\/uploads\/2025\/01\/ZSOFI-KIVALASZTOTT-KEP-2024.12.10-scaled.jpg 1600w\" sizes=\"(max-width: 200px) 100vw, 200px\" \/><\/p><h1>Dr. Kov\u00e1cs Zs\u00f3fia S\u00e1ra<\/h1><h3>Dentist<\/h3><p>A fogorvosi diplom\u00e1j\u00e1t a Semmelweis Egyetemen szerezte, ezen fel\u00fcl r\u00e9szt vehetett az egyetem Klinikai Tehets\u00e9ggondoz\u00f3 Programj\u00e1ban. Kiemelten figyel arra, hogy minden kezel\u00e9s nyugodtan, j\u00f3 hangulatban \u00e9s f\u00e1jdalommentesen teljen. Munk\u00e1j\u00e1t nagy precizit\u00e1ssal v\u00e9gzi \u00e9s fontosnak tartja a legkorszer\u0171bb technol\u00f3gi\u00e1k elsaj\u00e1t\u00edt\u00e1s\u00e1t.<\/p><p><strong>Languages<\/strong>: angol<\/p><p><strong>Availability:<\/strong><\/p><p>H\u00e9tf\u0151 - 8:00-18:00<br \/>Tuesday - 8:00-12:00<br \/>Wednesday - 14:00-18:00<br \/>Thursday - 8:00-18:00<br \/>P\u00e9ntek - 8:00 - 12:00<\/p><p>\u00a0<\/p>\t\t\t\t                            <\/div>\n\t\t        \n                    <div id=\"nagy-rka-tab\" class=\"clearfix eael-tab-content-item inactive\" data-title-link=\"nagy-rka-tab\">\n\t\t\t\t        \t\t\t\t\t        <p><img loading=\"lazy\" decoding=\"async\" class=\"alignleft wp-image-2985 size-medium\" src=\"https:\/\/old.balla-dent.com\/wp-content\/uploads\/2024\/11\/Reka-200x300.jpeg\" alt=\"\" width=\"200\" height=\"300\" srcset=\"https:\/\/old.balla-dent.com\/wp-content\/uploads\/2024\/11\/Reka-200x300.jpeg 200w, https:\/\/old.balla-dent.com\/wp-content\/uploads\/2024\/11\/Reka-683x1024.jpeg 683w, https:\/\/old.balla-dent.com\/wp-content\/uploads\/2024\/11\/Reka-768x1152.jpeg 768w, https:\/\/old.balla-dent.com\/wp-content\/uploads\/2024\/11\/Reka-1024x1536.jpeg 1024w, https:\/\/old.balla-dent.com\/wp-content\/uploads\/2024\/11\/Reka-1366x2048.jpeg 1366w, https:\/\/old.balla-dent.com\/wp-content\/uploads\/2024\/11\/Reka-8x12.jpeg 8w, https:\/\/old.balla-dent.com\/wp-content\/uploads\/2024\/11\/Reka-scaled.jpeg 1600w\" sizes=\"(max-width: 200px) 100vw, 200px\" \/><\/p><h1><strong>Nagy R\u00e9ka<\/strong><\/h1><h1><strong style=\"font-size: 16px;\">Dental practice manager<\/strong><\/h1>\t\t\t\t                            <\/div>\n\t\t                    <\/div>\n        <\/div>\n\t\t<\/div>\n\t\t\t\t<\/div>\n\t\t\t\t\t<\/div>\n\t\t<\/div>\n\t\t\t\t\t<\/div>\n\t\t<\/section>\n\t\t\t\t<\/div>","protected":false},"excerpt":{"rendered":"<p>Dr. Balla Endre Dr. Balla Krist\u00f3f Dr. Roohi Ghazaleh Dr. Bodn\u00e1r \u00c1d\u00e1m Dr. Gecser D\u00f3ra Luca Mucs\u00e1nyi Krisztina Jakus N\u00f3ra Dr. Kov\u00e1cs Zs\u00f3fia S\u00e1ra Nagy R\u00e9ka Dr. Balla Endre Fogszakorvos 1981-ben diplom\u00e1zott a Semmelweis Egyetemen. 1996-ban alap\u00edtotta a Balla-Dent fog\u00e1szati klinik\u00e1t, el\u0151sz\u00f6r a M\u00fazeum K\u00f6r\u00faton, majd 2006-ban a rendel\u0151 mai hely\u00e9re, a Corvin negyedhez k\u00f6lt\u00f6z\u00f6tt. [&hellip;]<\/p>","protected":false},"author":1,"featured_media":0,"parent":0,"menu_order":0,"comment_status":"closed","ping_status":"closed","template":"","meta":{"_acf_changed":false,"footnotes":""},"class_list":["post-646","page","type-page","status-publish","hentry"],"acf":[],"_links":{"self":[{"href":"https:\/\/old.balla-dent.com\/en\/wp-json\/wp\/v2\/pages\/646","targetHints":{"allow":["GET"]}}],"collection":[{"href":"https:\/\/old.balla-dent.com\/en\/wp-json\/wp\/v2\/pages"}],"about":[{"href":"https:\/\/old.balla-dent.com\/en\/wp-json\/wp\/v2\/types\/page"}],"author":[{"embeddable":true,"href":"https:\/\/old.balla-dent.com\/en\/wp-json\/wp\/v2\/users\/1"}],"replies":[{"embeddable":true,"href":"https:\/\/old.balla-dent.com\/en\/wp-json\/wp\/v2\/comments?post=646"}],"version-history":[{"count":211,"href":"https:\/\/old.balla-dent.com\/en\/wp-json\/wp\/v2\/pages\/646\/revisions"}],"predecessor-version":[{"id":3130,"href":"https:\/\/old.balla-dent.com\/en\/wp-json\/wp\/v2\/pages\/646\/revisions\/3130"}],"wp:attachment":[{"href":"https:\/\/old.balla-dent.com\/en\/wp-json\/wp\/v2\/media?parent=646"}],"curies":[{"name":"wp","href":"https:\/\/api.w.org\/{rel}","templated":true}]}}