{"id":1723,"date":"2023-03-26T11:55:57","date_gmt":"2023-03-26T11:55:57","guid":{"rendered":"https:\/\/newballadent.brightclick.hu\/?page_id=1723"},"modified":"2024-02-02T06:46:47","modified_gmt":"2024-02-02T06:46:47","slug":"what-to-do-in-budapest","status":"publish","type":"page","link":"https:\/\/old.balla-dent.com\/en\/what-to-do-in-budapest\/","title":{"rendered":"What to do in Budapest"},"content":{"rendered":"<div data-elementor-type=\"wp-page\" data-elementor-id=\"1723\" class=\"elementor elementor-1723\" data-elementor-post-type=\"page\">\n\t\t\t\t\t\t<section class=\"elementor-section elementor-top-section elementor-element elementor-element-619ee6a2 elementor-section-boxed elementor-section-height-default elementor-section-height-default\" data-id=\"619ee6a2\" data-element_type=\"section\">\n\t\t\t\t\t\t<div class=\"elementor-container elementor-column-gap-default\">\n\t\t\t\t\t<div class=\"elementor-column elementor-col-100 elementor-top-column elementor-element elementor-element-220e25d6\" data-id=\"220e25d6\" data-element_type=\"column\">\n\t\t\t<div class=\"elementor-widget-wrap elementor-element-populated\">\n\t\t\t\t\t\t<div class=\"elementor-element elementor-element-5a279b20 elementor-widget elementor-widget-shortcode\" data-id=\"5a279b20\" data-element_type=\"widget\" data-widget_type=\"shortcode.default\">\n\t\t\t\t<div class=\"elementor-widget-container\">\n\t\t\t\t\t<div class=\"elementor-shortcode\">\t\t<div data-elementor-type=\"page\" data-elementor-id=\"1714\" class=\"elementor elementor-1714\" data-elementor-post-type=\"elementor_library\">\n\t\t\t\t\t\t<section class=\"elementor-section elementor-top-section elementor-element elementor-element-542b32e0 elementor-section-boxed elementor-section-height-default elementor-section-height-default\" data-id=\"542b32e0\" data-element_type=\"section\" data-settings=\"{&quot;background_background&quot;:&quot;gradient&quot;}\">\n\t\t\t\t\t\t<div class=\"elementor-container elementor-column-gap-default\">\n\t\t\t\t\t<div class=\"elementor-column elementor-col-100 elementor-top-column elementor-element elementor-element-621a24cf\" data-id=\"621a24cf\" data-element_type=\"column\">\n\t\t\t<div class=\"elementor-widget-wrap elementor-element-populated\">\n\t\t\t\t\t\t<div class=\"elementor-element elementor-element-4c5e8ff3 elementor-widget elementor-widget-heading\" data-id=\"4c5e8ff3\" data-element_type=\"widget\" data-widget_type=\"heading.default\">\n\t\t\t\t<div class=\"elementor-widget-container\">\n\t\t\t<style>\/*! elementor - v3.19.0 - 07-02-2024 *\/\n.elementor-heading-title{padding:0;margin:0;line-height:1}.elementor-widget-heading .elementor-heading-title[class*=elementor-size-]>a{color:inherit;font-size:inherit;line-height:inherit}.elementor-widget-heading .elementor-heading-title.elementor-size-small{font-size:15px}.elementor-widget-heading .elementor-heading-title.elementor-size-medium{font-size:19px}.elementor-widget-heading .elementor-heading-title.elementor-size-large{font-size:29px}.elementor-widget-heading .elementor-heading-title.elementor-size-xl{font-size:39px}.elementor-widget-heading .elementor-heading-title.elementor-size-xxl{font-size:59px}<\/style><h2 class=\"elementor-heading-title elementor-size-default\">What to do in Budapest<\/h2>\t\t<\/div>\n\t\t\t\t<\/div>\n\t\t\t\t\t<\/div>\n\t\t<\/div>\n\t\t\t\t\t<\/div>\n\t\t<\/section>\n\t\t\t\t<section class=\"elementor-section elementor-top-section elementor-element elementor-element-2abae97 elementor-section-boxed elementor-section-height-default elementor-section-height-default\" data-id=\"2abae97\" data-element_type=\"section\">\n\t\t\t\t\t\t<div class=\"elementor-container elementor-column-gap-default\">\n\t\t\t\t\t<div class=\"elementor-column elementor-col-100 elementor-top-column elementor-element elementor-element-3feddf73\" data-id=\"3feddf73\" data-element_type=\"column\">\n\t\t\t<div class=\"elementor-widget-wrap elementor-element-populated\">\n\t\t\t\t\t\t<div class=\"elementor-element elementor-element-34e54d19 elementor-widget elementor-widget-text-editor\" data-id=\"34e54d19\" data-element_type=\"widget\" data-widget_type=\"text-editor.default\">\n\t\t\t\t<div class=\"elementor-widget-container\">\n\t\t\t<style>\/*! elementor - v3.19.0 - 07-02-2024 *\/\n.elementor-widget-text-editor.elementor-drop-cap-view-stacked .elementor-drop-cap{background-color:#69727d;color:#fff}.elementor-widget-text-editor.elementor-drop-cap-view-framed .elementor-drop-cap{color:#69727d;border:3px solid;background-color:transparent}.elementor-widget-text-editor:not(.elementor-drop-cap-view-default) .elementor-drop-cap{margin-top:8px}.elementor-widget-text-editor:not(.elementor-drop-cap-view-default) .elementor-drop-cap-letter{width:1em;height:1em}.elementor-widget-text-editor .elementor-drop-cap{float:left;text-align:center;line-height:1;font-size:50px}.elementor-widget-text-editor .elementor-drop-cap-letter{display:inline-block}<\/style>\t\t\t\t<p style=\"text-align: center;\">As the blooming metropolitan capital of Hungary, Budapest offers plenty of opportunities for every single visitor, no matter what your interests are.<\/p>\t\t\t\t\t\t<\/div>\n\t\t\t\t<\/div>\n\t\t\t\t\t<\/div>\n\t\t<\/div>\n\t\t\t\t\t<\/div>\n\t\t<\/section>\n\t\t\t\t<section class=\"elementor-section elementor-top-section elementor-element elementor-element-1e345803 elementor-section-boxed elementor-section-height-default elementor-section-height-default\" data-id=\"1e345803\" data-element_type=\"section\">\n\t\t\t\t\t\t<div class=\"elementor-container elementor-column-gap-default\">\n\t\t\t\t\t<div class=\"elementor-column elementor-col-100 elementor-top-column elementor-element elementor-element-12963ef6\" data-id=\"12963ef6\" data-element_type=\"column\">\n\t\t\t<div class=\"elementor-widget-wrap elementor-element-populated\">\n\t\t\t\t\t\t<div class=\"elementor-element elementor-element-36134bc elementor-widget elementor-widget-heading\" data-id=\"36134bc\" data-element_type=\"widget\" data-widget_type=\"heading.default\">\n\t\t\t\t<div class=\"elementor-widget-container\">\n\t\t\t<h2 class=\"elementor-heading-title elementor-size-default\">Architecture, sightseeing<\/h2>\t\t<\/div>\n\t\t\t\t<\/div>\n\t\t\t\t<div class=\"elementor-element elementor-element-223c4868 elementor-widget elementor-widget-text-editor\" data-id=\"223c4868\" data-element_type=\"widget\" data-widget_type=\"text-editor.default\">\n\t\t\t\t<div class=\"elementor-widget-container\">\n\t\t\t\t\t\t\t<p>Budapest is rightfully famous of its impressive architecture and landscapes. Here, we will provide you a list of locations that are worth visiting during your stay. You\u2019ll encounter the following landmarks on the Pest side: the breath-taking neo-gothic <strong>Parliament<\/strong> building, the gorgeous and historic sight of <strong>St Stephen\u2019s Basilic and Hero\u2019s Square. <\/strong>The stunning<strong> Vajdahunyad Castle <\/strong>and the surrounding picturesque<strong> City Park <\/strong>are just a few minutes walk from <strong>Hero\u2019s Square. <\/strong>If you wish to take the most out of your day, we recommend visiting the Buda side, as well. You can take a walk across the spectacular <strong>Liberty Bridge<\/strong> and find yourself at the foothills of <strong>St Gell\u00e9rt<\/strong>. From here, <strong>Buda Castle<\/strong>, <strong>Fisherman\u2019s Bastien<\/strong> or <strong>St. Matthias Church<\/strong> are easily accessible.\u00a0<\/p><p>\u00a0<\/p>\t\t\t\t\t\t<\/div>\n\t\t\t\t<\/div>\n\t\t\t\t\t<\/div>\n\t\t<\/div>\n\t\t\t\t\t<\/div>\n\t\t<\/section>\n\t\t\t\t<section class=\"elementor-section elementor-top-section elementor-element elementor-element-16ec4d0 elementor-section-boxed elementor-section-height-default elementor-section-height-default\" data-id=\"16ec4d0\" data-element_type=\"section\">\n\t\t\t\t\t\t<div class=\"elementor-container elementor-column-gap-default\">\n\t\t\t\t\t<div class=\"elementor-column elementor-col-100 elementor-top-column elementor-element elementor-element-531f44dc\" data-id=\"531f44dc\" data-element_type=\"column\">\n\t\t\t<div class=\"elementor-widget-wrap elementor-element-populated\">\n\t\t\t\t\t\t<div class=\"elementor-element elementor-element-4924ddfe elementor-widget elementor-widget-heading\" data-id=\"4924ddfe\" data-element_type=\"widget\" data-widget_type=\"heading.default\">\n\t\t\t\t<div class=\"elementor-widget-container\">\n\t\t\t<h2 class=\"elementor-heading-title elementor-size-default\">Thermal spas<\/h2>\t\t<\/div>\n\t\t\t\t<\/div>\n\t\t\t\t<div class=\"elementor-element elementor-element-74d8b15e elementor-widget elementor-widget-text-editor\" data-id=\"74d8b15e\" data-element_type=\"widget\" data-widget_type=\"text-editor.default\">\n\t\t\t\t<div class=\"elementor-widget-container\">\n\t\t\t\t\t\t\t<p><img fetchpriority=\"high\" decoding=\"async\" class=\"wp-image-1951 alignright\" src=\"https:\/\/old.balla-dent.com\/wp-content\/uploads\/2023\/04\/rudas_official-300x200.jpg\" alt=\"\" width=\"571\" height=\"380\" srcset=\"https:\/\/old.balla-dent.com\/wp-content\/uploads\/2023\/04\/rudas_official-300x200.jpg 300w, https:\/\/old.balla-dent.com\/wp-content\/uploads\/2023\/04\/rudas_official-768x512.jpg 768w, https:\/\/old.balla-dent.com\/wp-content\/uploads\/2023\/04\/rudas_official-18x12.jpg 18w, https:\/\/old.balla-dent.com\/wp-content\/uploads\/2023\/04\/rudas_official.jpg 1024w\" sizes=\"(max-width: 571px) 100vw, 571px\" \/>After a long day of walking, it will feel refreshing to visit one of our thermal spas. Their popularity in Hungary date back to the sixteenth century when Turks invaded the country. You will find <strong>Rudas Bath<\/strong> embedded in the rustic hills of Buda. A fabulous hot tub is located at the top of the building offering a 360-degree bird\u2019s eye view to the whole city. <strong>Sz\u00e9ch\u00e9nyi Thermal Bath<\/strong> is also a great option, as it is not only Budapest\u2019s but also Europe\u2019s largest spa complex. Having an unforgettable time at the beautiful <strong>Gell\u00e9rt Bath<\/strong> is also guaranteed, hence the choice is in your hand.<\/p>\t\t\t\t\t\t<\/div>\n\t\t\t\t<\/div>\n\t\t\t\t\t<\/div>\n\t\t<\/div>\n\t\t\t\t\t<\/div>\n\t\t<\/section>\n\t\t\t\t<section class=\"elementor-section elementor-top-section elementor-element elementor-element-1bf56c57 elementor-section-boxed elementor-section-height-default elementor-section-height-default\" data-id=\"1bf56c57\" data-element_type=\"section\">\n\t\t\t\t\t\t<div class=\"elementor-container elementor-column-gap-default\">\n\t\t\t\t\t<div class=\"elementor-column elementor-col-100 elementor-top-column elementor-element elementor-element-3f387a3b\" data-id=\"3f387a3b\" data-element_type=\"column\">\n\t\t\t<div class=\"elementor-widget-wrap elementor-element-populated\">\n\t\t\t\t\t\t<div class=\"elementor-element elementor-element-33a8aa11 elementor-widget elementor-widget-heading\" data-id=\"33a8aa11\" data-element_type=\"widget\" data-widget_type=\"heading.default\">\n\t\t\t\t<div class=\"elementor-widget-container\">\n\t\t\t<h2 class=\"elementor-heading-title elementor-size-default\">Restaurants, ruin pubs, gastronomy<\/h2>\t\t<\/div>\n\t\t\t\t<\/div>\n\t\t\t\t<div class=\"elementor-element elementor-element-9730fae elementor-widget elementor-widget-text-editor\" data-id=\"9730fae\" data-element_type=\"widget\" data-widget_type=\"text-editor.default\">\n\t\t\t\t<div class=\"elementor-widget-container\">\n\t\t\t\t\t\t\t<p><img decoding=\"async\" class=\"wp-image-1954 alignleft\" src=\"https:\/\/old.balla-dent.com\/wp-content\/uploads\/2023\/04\/za011347-scaled-1-scaled-e1681305219167-300x200.jpg\" alt=\"\" width=\"501\" height=\"334\" srcset=\"https:\/\/old.balla-dent.com\/wp-content\/uploads\/2023\/04\/za011347-scaled-1-scaled-e1681305219167-300x200.jpg 300w, https:\/\/old.balla-dent.com\/wp-content\/uploads\/2023\/04\/za011347-scaled-1-scaled-e1681305219167-1024x683.jpg 1024w, https:\/\/old.balla-dent.com\/wp-content\/uploads\/2023\/04\/za011347-scaled-1-scaled-e1681305219167-768x512.jpg 768w, https:\/\/old.balla-dent.com\/wp-content\/uploads\/2023\/04\/za011347-scaled-1-scaled-e1681305219167-1536x1024.jpg 1536w, https:\/\/old.balla-dent.com\/wp-content\/uploads\/2023\/04\/za011347-scaled-1-scaled-e1681305219167-18x12.jpg 18w, https:\/\/old.balla-dent.com\/wp-content\/uploads\/2023\/04\/za011347-scaled-1-scaled-e1681305219167.jpg 1800w\" sizes=\"(max-width: 501px) 100vw, 501px\" \/>Visiting Budapest serves as great opportunity to try Hungarian cuisine and gastronomy. If you wish to combine having a spectacular view and exquisite dishes, we recommend <strong>Leo Rooftop Bar<\/strong>. However, should you fancy traditional Hungarian flavours, our top picks are <strong>Aranyb\u00e1stya<\/strong> Restaurant, <strong>Vaj<\/strong> <strong>Bakery<\/strong> or <strong>D\u00e9ryn\u00e9<\/strong><\/p>\t\t\t\t\t\t<\/div>\n\t\t\t\t<\/div>\n\t\t\t\t\t<\/div>\n\t\t<\/div>\n\t\t\t\t\t<\/div>\n\t\t<\/section>\n\t\t\t\t<section class=\"elementor-section elementor-top-section elementor-element elementor-element-7845e8bc elementor-section-boxed elementor-section-height-default elementor-section-height-default\" data-id=\"7845e8bc\" data-element_type=\"section\">\n\t\t\t\t\t\t<div class=\"elementor-container elementor-column-gap-default\">\n\t\t\t\t\t<div class=\"elementor-column elementor-col-100 elementor-top-column elementor-element elementor-element-19e75309\" data-id=\"19e75309\" data-element_type=\"column\">\n\t\t\t<div class=\"elementor-widget-wrap elementor-element-populated\">\n\t\t\t\t\t\t<div class=\"elementor-element elementor-element-7ae9bf2e elementor-widget elementor-widget-heading\" data-id=\"7ae9bf2e\" data-element_type=\"widget\" data-widget_type=\"heading.default\">\n\t\t\t\t<div class=\"elementor-widget-container\">\n\t\t\t<h2 class=\"elementor-heading-title elementor-size-default\">Museums, music, art<\/h2>\t\t<\/div>\n\t\t\t\t<\/div>\n\t\t\t\t<div class=\"elementor-element elementor-element-9c202a1 elementor-widget elementor-widget-text-editor\" data-id=\"9c202a1\" data-element_type=\"widget\" data-widget_type=\"text-editor.default\">\n\t\t\t\t<div class=\"elementor-widget-container\">\n\t\t\t\t\t\t\t<p><img decoding=\"async\" class=\"wp-image-1957 alignright\" src=\"https:\/\/old.balla-dent.com\/wp-content\/uploads\/2023\/04\/museum-of-applied-arts_budapest.varosom.hu_-300x225.jpg\" alt=\"\" width=\"481\" height=\"361\" srcset=\"https:\/\/old.balla-dent.com\/wp-content\/uploads\/2023\/04\/museum-of-applied-arts_budapest.varosom.hu_-300x225.jpg 300w, https:\/\/old.balla-dent.com\/wp-content\/uploads\/2023\/04\/museum-of-applied-arts_budapest.varosom.hu_-768x576.jpg 768w, https:\/\/old.balla-dent.com\/wp-content\/uploads\/2023\/04\/museum-of-applied-arts_budapest.varosom.hu_-16x12.jpg 16w, https:\/\/old.balla-dent.com\/wp-content\/uploads\/2023\/04\/museum-of-applied-arts_budapest.varosom.hu_.jpg 800w\" sizes=\"(max-width: 481px) 100vw, 481px\" \/>If you are fond of music, art, and museums you will fall in love with Hungary. Budapest offers a wide range of variety when it comes to artistic activities. <strong>Sz\u00e9pm\u0171v\u00e9szeti Museum<\/strong> and <strong>Magyar Nemzeti Gel\u00e9ria<\/strong> have permanent exhibitions of such well-known artists as Rubens, Van Dyck, Tiziano or Raffaello. On the other hand, should you wish to enjoy music, <strong>Opus Jazz Club<\/strong> is the place to go. They host concerts from Tuesday to Saturday every week. <br \/>All the activities mentioned above will be great fun for adults, however, we should not forget about the younger generation. <strong>Csod\u00e1k Palot\u00e1ja<\/strong> will sweep everyone off their feet regardless of their age. Their repertoire is so versatile, you will find everything for all age groups and tastes from classical, jazz or world music to dance, contemporary circus, youth events and art.<\/p>\t\t\t\t\t\t<\/div>\n\t\t\t\t<\/div>\n\t\t\t\t\t<\/div>\n\t\t<\/div>\n\t\t\t\t\t<\/div>\n\t\t<\/section>\n\t\t\t\t<section class=\"elementor-section elementor-top-section elementor-element elementor-element-712b3c4b elementor-section-boxed elementor-section-height-default elementor-section-height-default\" data-id=\"712b3c4b\" data-element_type=\"section\">\n\t\t\t\t\t\t<div class=\"elementor-container elementor-column-gap-default\">\n\t\t\t\t\t<div class=\"elementor-column elementor-col-100 elementor-top-column elementor-element elementor-element-33b8cd38\" data-id=\"33b8cd38\" data-element_type=\"column\">\n\t\t\t<div class=\"elementor-widget-wrap elementor-element-populated\">\n\t\t\t\t\t\t<div class=\"elementor-element elementor-element-590233ea elementor-widget elementor-widget-heading\" data-id=\"590233ea\" data-element_type=\"widget\" data-widget_type=\"heading.default\">\n\t\t\t\t<div class=\"elementor-widget-container\">\n\t\t\t<h2 class=\"elementor-heading-title elementor-size-default\">Parks<\/h2>\t\t<\/div>\n\t\t\t\t<\/div>\n\t\t\t\t<div class=\"elementor-element elementor-element-4bb2efca elementor-widget elementor-widget-text-editor\" data-id=\"4bb2efca\" data-element_type=\"widget\" data-widget_type=\"text-editor.default\">\n\t\t\t\t<div class=\"elementor-widget-container\">\n\t\t\t\t\t\t\t<p><img loading=\"lazy\" decoding=\"async\" class=\"wp-image-1962 alignleft\" src=\"https:\/\/old.balla-dent.com\/wp-content\/uploads\/2023\/04\/vajdahunyad-vara-budapest-varosliget-latnivalo-csodalatosmagyarorszag-e1681307115810-300x169.jpg\" alt=\"\" width=\"467\" height=\"263\" srcset=\"https:\/\/old.balla-dent.com\/wp-content\/uploads\/2023\/04\/vajdahunyad-vara-budapest-varosliget-latnivalo-csodalatosmagyarorszag-e1681307115810-300x169.jpg 300w, https:\/\/old.balla-dent.com\/wp-content\/uploads\/2023\/04\/vajdahunyad-vara-budapest-varosliget-latnivalo-csodalatosmagyarorszag-e1681307115810-1024x576.jpg 1024w, https:\/\/old.balla-dent.com\/wp-content\/uploads\/2023\/04\/vajdahunyad-vara-budapest-varosliget-latnivalo-csodalatosmagyarorszag-e1681307115810-768x432.jpg 768w, https:\/\/old.balla-dent.com\/wp-content\/uploads\/2023\/04\/vajdahunyad-vara-budapest-varosliget-latnivalo-csodalatosmagyarorszag-e1681307115810-18x10.jpg 18w, https:\/\/old.balla-dent.com\/wp-content\/uploads\/2023\/04\/vajdahunyad-vara-budapest-varosliget-latnivalo-csodalatosmagyarorszag-e1681307115810.jpg 1200w\" sizes=\"(max-width: 467px) 100vw, 467px\" \/>We did not forget about nature lovers either. Even though, Budapest is mainly characterised by its breath-taking \u201cconcrete jungle\u201d you will find hidden oasises in the midst of the city\u2019s business. <strong>City Park<\/strong> (V\u00e1rosliget), <strong>Margaret Island<\/strong> and <strong>Millen\u00e1ris<\/strong> are the best places to go if you are an outdoorsy person. Quiet walkways, flower gardens, lovely coffee shops, romantic ruins and century-old trees make up these popular recreation spots.<\/p>\t\t\t\t\t\t<\/div>\n\t\t\t\t<\/div>\n\t\t\t\t\t<\/div>\n\t\t<\/div>\n\t\t\t\t\t<\/div>\n\t\t<\/section>\n\t\t\t\t<section class=\"elementor-section elementor-top-section elementor-element elementor-element-10f6dc2b elementor-section-boxed elementor-section-height-default elementor-section-height-default\" data-id=\"10f6dc2b\" data-element_type=\"section\">\n\t\t\t\t\t\t<div class=\"elementor-container elementor-column-gap-default\">\n\t\t\t\t\t<div class=\"elementor-column elementor-col-100 elementor-top-column elementor-element elementor-element-4af3065\" data-id=\"4af3065\" data-element_type=\"column\">\n\t\t\t<div class=\"elementor-widget-wrap elementor-element-populated\">\n\t\t\t\t\t\t<div class=\"elementor-element elementor-element-1b6222f5 elementor-widget elementor-widget-heading\" data-id=\"1b6222f5\" data-element_type=\"widget\" data-widget_type=\"heading.default\">\n\t\t\t\t<div class=\"elementor-widget-container\">\n\t\t\t<h2 class=\"elementor-heading-title elementor-size-default\">Where to Stay? <\/h2>\t\t<\/div>\n\t\t\t\t<\/div>\n\t\t\t\t<section class=\"elementor-section elementor-inner-section elementor-element elementor-element-5acd3259 elementor-section-boxed elementor-section-height-default elementor-section-height-default\" data-id=\"5acd3259\" data-element_type=\"section\">\n\t\t\t\t\t\t<div class=\"elementor-container elementor-column-gap-default\">\n\t\t\t\t\t<div class=\"elementor-column elementor-col-50 elementor-inner-column elementor-element elementor-element-58b8c98d\" data-id=\"58b8c98d\" data-element_type=\"column\">\n\t\t\t<div class=\"elementor-widget-wrap elementor-element-populated\">\n\t\t\t\t\t\t<div class=\"elementor-element elementor-element-59c10a13 elementor-widget elementor-widget-heading\" data-id=\"59c10a13\" data-element_type=\"widget\" data-widget_type=\"heading.default\">\n\t\t\t\t<div class=\"elementor-widget-container\">\n\t\t\t<h2 class=\"elementor-heading-title elementor-size-default\">Hotel Rum Budapest<\/h2>\t\t<\/div>\n\t\t\t\t<\/div>\n\t\t\t\t<div class=\"elementor-element elementor-element-124df03f elementor-view-default elementor-position-top elementor-mobile-position-top elementor-widget elementor-widget-icon-box\" data-id=\"124df03f\" data-element_type=\"widget\" data-widget_type=\"icon-box.default\">\n\t\t\t\t<div class=\"elementor-widget-container\">\n\t\t\t<link rel=\"stylesheet\" href=\"https:\/\/old.balla-dent.com\/wp-content\/plugins\/elementor\/assets\/css\/widget-icon-box.min.css\">\t\t<div class=\"elementor-icon-box-wrapper\">\n\t\t\t\t\t\t<div class=\"elementor-icon-box-icon\">\n\t\t\t\t<span  class=\"elementor-icon elementor-animation-\">\n\t\t\t\t<i aria-hidden=\"true\" class=\"fas fa-map-pin\"><\/i>\t\t\t\t<\/span>\n\t\t\t<\/div>\n\t\t\t\t\t\t<div class=\"elementor-icon-box-content\">\n\t\t\t\t<h3 class=\"elementor-icon-box-title\">\n\t\t\t\t\t<span  >\n\t\t\t\t\t\t\t\t\t\t\t<\/span>\n\t\t\t\t<\/h3>\n\t\t\t\t\t\t\t\t\t<p class=\"elementor-icon-box-description\">\n\t\t\t\t\t\tBudapest, Kir\u00e1lyi P\u00e1l u. 4, 1053\t\t\t\t\t<\/p>\n\t\t\t\t\t\t\t<\/div>\n\t\t<\/div>\n\t\t\t\t<\/div>\n\t\t\t\t<\/div>\n\t\t\t\t<div class=\"elementor-element elementor-element-495559af elementor-align-center elementor-widget elementor-widget-button\" data-id=\"495559af\" data-element_type=\"widget\" data-widget_type=\"button.default\">\n\t\t\t\t<div class=\"elementor-widget-container\">\n\t\t\t\t\t<div class=\"elementor-button-wrapper\">\n\t\t\t<a class=\"elementor-button elementor-button-link elementor-size-sm\" href=\"https:\/\/www.hotelrumbudapest.com\/#contact\" target=\"_blank\" rel=\"noopener\">\n\t\t\t\t\t\t<span class=\"elementor-button-content-wrapper\">\n\t\t\t\t\t\t<span class=\"elementor-button-text\">Contact & Bookings<\/span>\n\t\t<\/span>\n\t\t\t\t\t<\/a>\n\t\t<\/div>\n\t\t\t\t<\/div>\n\t\t\t\t<\/div>\n\t\t\t\t\t<\/div>\n\t\t<\/div>\n\t\t\t\t<div class=\"elementor-column elementor-col-50 elementor-inner-column elementor-element elementor-element-2ea3323a\" data-id=\"2ea3323a\" data-element_type=\"column\">\n\t\t\t<div class=\"elementor-widget-wrap elementor-element-populated\">\n\t\t\t\t\t\t<div class=\"elementor-element elementor-element-5e0173d2 elementor-widget elementor-widget-image\" data-id=\"5e0173d2\" data-element_type=\"widget\" data-widget_type=\"image.default\">\n\t\t\t\t<div class=\"elementor-widget-container\">\n\t\t\t<style>\/*! elementor - v3.19.0 - 07-02-2024 *\/\n.elementor-widget-image{text-align:center}.elementor-widget-image a{display:inline-block}.elementor-widget-image a img[src$=\".svg\"]{width:48px}.elementor-widget-image img{vertical-align:middle;display:inline-block}<\/style>\t\t\t\t\t\t\t\t\t\t<img loading=\"lazy\" decoding=\"async\" width=\"800\" height=\"800\" src=\"https:\/\/old.balla-dent.com\/wp-content\/uploads\/2023\/03\/rum43-e1569853983898-1024x1024.jpg\" class=\"attachment-large size-large wp-image-1713\" alt=\"\" srcset=\"https:\/\/old.balla-dent.com\/wp-content\/uploads\/2023\/03\/rum43-e1569853983898-1024x1024.jpg 1024w, https:\/\/old.balla-dent.com\/wp-content\/uploads\/2023\/03\/rum43-e1569853983898-300x300.jpg 300w, https:\/\/old.balla-dent.com\/wp-content\/uploads\/2023\/03\/rum43-e1569853983898-150x150.jpg 150w, https:\/\/old.balla-dent.com\/wp-content\/uploads\/2023\/03\/rum43-e1569853983898-768x768.jpg 768w, https:\/\/old.balla-dent.com\/wp-content\/uploads\/2023\/03\/rum43-e1569853983898-1536x1536.jpg 1536w, https:\/\/old.balla-dent.com\/wp-content\/uploads\/2023\/03\/rum43-e1569853983898-12x12.jpg 12w, https:\/\/old.balla-dent.com\/wp-content\/uploads\/2023\/03\/rum43-e1569853983898.jpg 2002w\" sizes=\"(max-width: 800px) 100vw, 800px\" \/>\t\t\t\t\t\t\t\t\t\t\t\t\t<\/div>\n\t\t\t\t<\/div>\n\t\t\t\t\t<\/div>\n\t\t<\/div>\n\t\t\t\t\t<\/div>\n\t\t<\/section>\n\t\t\t\t\t<\/div>\n\t\t<\/div>\n\t\t\t\t\t<\/div>\n\t\t<\/section>\n\t\t\t\t<section class=\"elementor-section elementor-top-section elementor-element elementor-element-593b5297 elementor-section-full_width elementor-section-height-min-height elementor-section-height-default elementor-section-items-middle\" data-id=\"593b5297\" data-element_type=\"section\">\n\t\t\t\t\t\t<div class=\"elementor-container elementor-column-gap-default\">\n\t\t\t\t\t<div class=\"elementor-column elementor-col-100 elementor-top-column elementor-element elementor-element-3b4faf73\" data-id=\"3b4faf73\" data-element_type=\"column\">\n\t\t\t<div class=\"elementor-widget-wrap elementor-element-populated\">\n\t\t\t\t\t\t<div class=\"elementor-element elementor-element-5f8d1c35 elementor-widget elementor-widget-heading\" data-id=\"5f8d1c35\" data-element_type=\"widget\" data-widget_type=\"heading.default\">\n\t\t\t\t<div class=\"elementor-widget-container\">\n\t\t\t<h2 class=\"elementor-heading-title elementor-size-default\"><a href=\"https:\/\/localslore.com\/profile\/view\/1128\/maps\/1174\/places\" target=\"_blank\" rel=\"noopener\">Find below more recommendations, provided by Local's Lore <\/a><\/h2>\t\t<\/div>\n\t\t\t\t<\/div>\n\t\t\t\t<div class=\"elementor-element elementor-element-2245fd4a elementor-widget elementor-widget-html\" data-id=\"2245fd4a\" data-element_type=\"widget\" data-widget_type=\"html.default\">\n\t\t\t\t<div class=\"elementor-widget-container\">\n\t\t\t<embed src='https:\/\/localslore.com\/profile\/view\/1128\/maps\/1174\/places#embed-map' style='width: 100%; height: 600px' \/>\t\t<\/div>\n\t\t\t\t<\/div>\n\t\t\t\t\t<\/div>\n\t\t<\/div>\n\t\t\t\t\t<\/div>\n\t\t<\/section>\n\t\t\t\t<\/div>\n\t\t<\/div>\n\t\t\t\t<\/div>\n\t\t\t\t<\/div>\n\t\t\t\t\t<\/div>\n\t\t<\/div>\n\t\t\t\t\t<\/div>\n\t\t<\/section>\n\t\t\t\t<\/div>","protected":false},"excerpt":{"rendered":"","protected":false},"author":1,"featured_media":0,"parent":0,"menu_order":0,"comment_status":"closed","ping_status":"closed","template":"elementor_header_footer","meta":{"_acf_changed":false,"footnotes":""},"class_list":["post-1723","page","type-page","status-publish","hentry"],"acf":[],"_links":{"self":[{"href":"https:\/\/old.balla-dent.com\/en\/wp-json\/wp\/v2\/pages\/1723","targetHints":{"allow":["GET"]}}],"collection":[{"href":"https:\/\/old.balla-dent.com\/en\/wp-json\/wp\/v2\/pages"}],"about":[{"href":"https:\/\/old.balla-dent.com\/en\/wp-json\/wp\/v2\/types\/page"}],"author":[{"embeddable":true,"href":"https:\/\/old.balla-dent.com\/en\/wp-json\/wp\/v2\/users\/1"}],"replies":[{"embeddable":true,"href":"https:\/\/old.balla-dent.com\/en\/wp-json\/wp\/v2\/comments?post=1723"}],"version-history":[{"count":4,"href":"https:\/\/old.balla-dent.com\/en\/wp-json\/wp\/v2\/pages\/1723\/revisions"}],"predecessor-version":[{"id":1972,"href":"https:\/\/old.balla-dent.com\/en\/wp-json\/wp\/v2\/pages\/1723\/revisions\/1972"}],"wp:attachment":[{"href":"https:\/\/old.balla-dent.com\/en\/wp-json\/wp\/v2\/media?parent=1723"}],"curies":[{"name":"wp","href":"https:\/\/api.w.org\/{rel}","templated":true}]}}